{"id":13,"date":"2023-04-14T21:48:24","date_gmt":"2023-04-14T20:48:24","guid":{"rendered":"http:\/\/89.212.22.16\/html\/wordpress\/?page_id=13"},"modified":"2023-10-10T10:43:14","modified_gmt":"2023-10-10T08:43:14","slug":"o-meni","status":"publish","type":"page","link":"https:\/\/drperc.duckdns.org\/?page_id=13","title":{"rendered":"Predstavitev"},"content":{"rendered":"\t\t<div data-elementor-type=\"wp-page\" data-elementor-id=\"13\" class=\"elementor elementor-13\">\n\t\t\t\t\t\t<section class=\"elementor-section elementor-top-section elementor-element elementor-element-3d41bb5f elementor-section-boxed elementor-section-height-default elementor-section-height-default\" data-id=\"3d41bb5f\" data-element_type=\"section\" data-e-type=\"section\">\n\t\t\t\t\t\t<div class=\"elementor-container elementor-column-gap-default\">\n\t\t\t\t\t<div class=\"elementor-column elementor-col-100 elementor-top-column elementor-element elementor-element-7473c344\" data-id=\"7473c344\" data-element_type=\"column\" data-e-type=\"column\">\n\t\t\t<div class=\"elementor-widget-wrap elementor-element-populated\">\n\t\t\t\t\t\t<div class=\"elementor-element elementor-element-78567857 elementor-widget elementor-widget-text-editor\" data-id=\"78567857\" data-element_type=\"widget\" data-e-type=\"widget\" data-widget_type=\"text-editor.default\">\n\t\t\t\t\t\t\t\t\t<p><\/p>\n<p class=\"wp-block-heading\">&nbsp;mag. Drago Perc<\/p>\n<p><\/p>\n<p><\/p>\n<figure class=\"wp-block-table\">\n<table>\n<tbody>\n<tr>\n<td>Naslov: Cesta mar\u0161ala Tita 68, 4270 Jesenice<\/td>\n<\/tr>\n<tr>\n<td>041 659 679<\/td>\n<\/tr>\n<tr>\n<td>9. december 1967, Celje<\/td>\n<\/tr>\n<tr>\n<td><a href=\"mailto:Drago.Perc@gmail.com\">Drago.Perc@gmail.com<\/a><\/td>\n<\/tr>\n<tr>\n<td>&nbsp;<\/td>\n<\/tr>\n<tr>\n<td>Zavod RS za zaposlovanje, Ro\u017ena dolina, Cesta IX\/6, 1000 Ljubljana<\/td>\n<\/tr>\n<tr>\n<td>&nbsp;<\/td>\n<\/tr>\n<tr>\n<td>Magister znanosti<a href=\"http:\/\/89.212.22.16\/html\/Drago%20Perc_datoteke\/Magistrsko%20delo.pdf\" target=\"_blank\" rel=\"noreferrer noopener\">Magistrsko delo<\/a> \u2013 Povezovanje CMMI in COBIT metode v metodo izdelave ali naro\u010danja programske opremeUniverzitetni diplomirani ekonomist<a href=\"http:\/\/89.212.22.16\/html\/Drago%20Perc_datoteke\/Diploma.pdf\" target=\"_blank\" rel=\"noreferrer noopener\">Diploma<\/a> \u2013 Analiza baze podatkov Republi\u0161kega zavoda za zaposlovanje in izdelava konceptualnega modela&nbsp;Za pridobitev magistrskega dela ali diplome v Open Office ali Word formatu mi pi\u0161ite.<\/td>\n<\/tr>\n<tr>\n<td><a href=\"http:\/\/89.212.22.16\/html\/Drago%20Perc_datoteke\/Nadaljevalni%20tecaj%20Worda.pdf\" target=\"_blank\" rel=\"noreferrer noopener\">Nadaljevalni te\u010daj Microsoft Word-a<\/a>, <a href=\"http:\/\/89.212.22.16\/html\/Ostalo\/Inkscape%20-%20Prirocnik.pdf\" target=\"_blank\" rel=\"noreferrer noopener\">Inkscape priro\u010dnik<\/a><\/td>\n<\/tr>\n<\/tbody>\n<\/table>\n<\/figure>\n<p><\/p>\n<p><\/p>\n<p>\u010clan Astronavti\u010dno raketnega kluba \u00bbVega\u00ab iz Sevnice sem od leta 1980. 11 let sem bil tudi predsednik kluba. V za\u010detku leta 2012 sem se v\u010dlanil \u0161e v Letalski center Maribor, za katerega sem dve leti tudi tekmoval. Od leta 2015 do leta 2022 sem bil \u010dlan kluba ARK Mistral Maribor. Od leta 2022 pa sem ponovno \u010dlan ARK Vege Sevnica, ki ima po novem sede\u017e v \u0160marjeti.<\/p>\n<p><\/p>\n<p><\/p>\n<p><strong>Kratek \u017eivljenjepis:<\/strong><\/p>\n<p><\/p>\n<p><\/p>\n<p>Svoje prve uspehe v raketnem modelarstvu sem, kot \u010dlan ARK \u00bbVega\u00ab iz Sevnice, dosegel v letu 1984, ko sem na pokalu Ljubljane dosegel tretje mesto v kategoriji raket s padalom.<\/p>\n<p><\/p>\n<p><\/p>\n<p>Svojo prvo prilo\u017enost v dr\u017eavni reprezentanci sem dobil leta 1992, po osamosvojitvi Slovenije. Tedaj se je na\u0161a reprezentanca prvi\u010d samostojno udele\u017eila svetovnega prvenstva na Floridi v ZDA. \u017de svojo prvo prilo\u017enost sem izkoristil v najbolj\u0161i mo\u017eni meri, saj sem osvojil naslov svetovnega prvaka v kategoriji raket s padalom, z ekipo pa tretje mesto.<\/p>\n<p><\/p>\n<p><\/p>\n<p>Na naslednjem svetovnem prvenstvu leta 1994, bi mi skoraj uspelo ubraniti naslov. Osvojil sem namre\u010d drugo mesto, zmago pa so mi prepre\u010dili pristranski sodniki. Na svetovnem prvenstvu leta 1996, ki je bilo v Ljubljani, nisem imel preve\u010d sre\u010de, svetovnega prvenstva leta 1998 pa se nisem udele\u017eil zaradi pomanjkanja finan\u010dnih sredstev.<\/p>\n<p><\/p>\n<p><\/p>\n<p>V letu 2000 sem svoje dosedanje rezultate \u0161e prekosil, saj sem ponovno postal svetovni prvak v kategoriji raket s padalom, z ekipo pa sem osvojil drugo mesto.<\/p>\n<p><\/p>\n<p><\/p>\n<p>Leta 2002 sem v ekipni konkurenci osvojil 3. mesto v kategoriji raket s padalom.<\/p>\n<p><\/p>\n<p><\/p>\n<p>Ponovno sem bil zelo uspe\u0161en tudi na svetovnem prvenstvu leta 2014, kjer sem v kategoriji raket s padalom v posami\u010dni konkurenci osvojil tretje mesto, v ekpni pa drugo.<\/p>\n<p><\/p>\n<p><\/p>\n<p>Skupno sem torej na svetovnih prvenstvih osvojil kar osem medalj.<\/p>\n<p><\/p>\n<p><\/p>\n<p>Dosegel sem \u0161e nekaj drugih vrhunskih rezultati. Naj jih na\u0161tejem samo nekaj: drugo mesto ekipno na evropskem prvenstvu leta 1995 kategoriji raket s trakom, tretje mesto na evropskem prvenstvu v Tur\u010diji leta 2001 v kategoriji raket s padalom, drugo mesto leta 2011 na evropskem prvenstvu v Romuniji v kategoriji raket s padalom,&nbsp; prvo mesto ekipno v kagoriji raket s padalom 2022 na evropskem prvenstvu v Srbiji, tretje mesto v skupnem se\u0161tevku svetovnega pokala leta 1995 v kategoriji raket s trakom ter ve\u010d uvrstitev na stopni\u010dke za zmagovalce v razli\u010dnih kategorijah FAI tekmovanj, dr\u017eavnih in nekdanjih republi\u0161kih prvenstvih.<\/p>\n<p><\/p>\n<p><\/p>\n<p>V mati\u010dnem klubu sem bil ves \u010das zelo dejaven, med drugim sem bil tudi deset let njegov predsednik. V dr\u017eavni reprezentanci \u017ee od leta 1994 opravljam tudi funkcijo trenerja.<\/p>\n<p><\/p>\n<p><\/p>\n<p>Od leta 2018 dalje se ukvarjam tudi s kegljanjem na ledu. Od leta 2018 do leta leta 2023 sem bil \u010dlan jeseni\u0161kega kluba, od leta 2023 dalje pa sem se v\u010dlanil v klub iz Slovenj Gradca. V poletnem \u010dasu se s tem \u0161portom lahko ukvarjamo tudi na asfaltu. Tudi tu dosegam dobre rezultate. Do sedaj sem bil tretji z ekipo na ledu leta 2018 na Jezerskem, drugi leta 2019 z ekipo na ledu na Jezerskem, tretji z ekipo na dr\u017eavnem prvenstvu v metu na daljavo leta 2019, drugi z ekipo na asfaltu leta 2019 na Jezerskem, tretji z ekipo na dr\u017eavnem prvenstvu v ciljnem tekmovanju leta 2021, prvi z ekipo na asfaltu leta 2022 na Jezerskem, tretji z ekipo leta 2023 in tretji na ledu z ekipo na turnirju na Bledu leta 2023.<\/p>\n<p><\/p>\n<p><\/p>\n<p>Za svoje delo in \u0161portne rezultate sem bil dele\u017een vrste priznanj. Dvakrat sem dobil plaketo \u0160portne zveze Slovenije za tekmovalne dose\u017eke, \u0161tirikrat zlato plaketo Letalske zveze Slovenije, \u0161tirikrat srebrno plaketo in trikrat bronasto. Leta 2011 sem postal \u0161portnik leta Letalske zveze Slovenije za raketno modelarstvo. Prejel sem tudi medaljo Du\u0161ana Kvedra Toma\u017ea ob\u010dine Sevnica.<\/p>\n<p><\/p>\t\t\t\t\t\t\t\t<\/div>\n\t\t\t\t\t<\/div>\n\t\t<\/div>\n\t\t\t\t\t<\/div>\n\t\t<\/section>\n\t\t\t\t<\/div>\n\t\t","protected":false},"excerpt":{"rendered":"<p>&nbsp;mag. Drago Perc Naslov: Cesta mar\u0161ala Tita 68, 4270 Jesenice 041 659 679 9. december 1967, Celje Drago.Perc@gmail.com &nbsp; Zavod RS za<\/p>\n<p class=\"link-more\"><a class=\"myButt \" href=\"https:\/\/drperc.duckdns.org\/?page_id=13\">Read More<\/a><\/p>\n","protected":false},"author":1,"featured_media":0,"parent":0,"menu_order":0,"comment_status":"closed","ping_status":"closed","template":"","meta":{"saved_in_kubio":false,"_eb_attr":"","footnotes":""},"class_list":["post-13","page","type-page","status-publish","hentry"],"kubio_ai_page_context":{"short_desc":"","purpose":"general"},"jetpack-related-posts":[],"jetpack_likes_enabled":true,"jetpack_sharing_enabled":true,"_links":{"self":[{"href":"https:\/\/drperc.duckdns.org\/index.php?rest_route=\/wp\/v2\/pages\/13","targetHints":{"allow":["GET"]}}],"collection":[{"href":"https:\/\/drperc.duckdns.org\/index.php?rest_route=\/wp\/v2\/pages"}],"about":[{"href":"https:\/\/drperc.duckdns.org\/index.php?rest_route=\/wp\/v2\/types\/page"}],"author":[{"embeddable":true,"href":"https:\/\/drperc.duckdns.org\/index.php?rest_route=\/wp\/v2\/users\/1"}],"replies":[{"embeddable":true,"href":"https:\/\/drperc.duckdns.org\/index.php?rest_route=%2Fwp%2Fv2%2Fcomments&post=13"}],"version-history":[{"count":14,"href":"https:\/\/drperc.duckdns.org\/index.php?rest_route=\/wp\/v2\/pages\/13\/revisions"}],"predecessor-version":[{"id":599,"href":"https:\/\/drperc.duckdns.org\/index.php?rest_route=\/wp\/v2\/pages\/13\/revisions\/599"}],"wp:attachment":[{"href":"https:\/\/drperc.duckdns.org\/index.php?rest_route=%2Fwp%2Fv2%2Fmedia&parent=13"}],"curies":[{"name":"wp","href":"https:\/\/api.w.org\/{rel}","templated":true}]}}