{"id":14,"date":"2023-04-14T21:48:25","date_gmt":"2023-04-14T20:48:25","guid":{"rendered":"http:\/\/89.212.22.16\/html\/wordpress\/?page_id=14"},"modified":"2025-01-22T00:30:49","modified_gmt":"2025-01-21T23:30:49","slug":"moji-rezultati","status":"publish","type":"page","link":"https:\/\/drperc.duckdns.org\/?page_id=14","title":{"rendered":"Moji rezultati"},"content":{"rendered":"<div id=\"ez-toc-container\" class=\"ez-toc-v2_0_82_2 counter-hierarchy ez-toc-counter ez-toc-transparent ez-toc-container-direction\">\n<div class=\"ez-toc-title-container\">\n<p class=\"ez-toc-title\" style=\"cursor:inherit\">Kazalo:<\/p>\n<span class=\"ez-toc-title-toggle\"><a href=\"#\" class=\"ez-toc-pull-right ez-toc-btn ez-toc-btn-xs ez-toc-btn-default ez-toc-toggle\" aria-label=\"Toggle Table of Content\"><span class=\"ez-toc-js-icon-con\"><span class=\"\"><span class=\"eztoc-hide\" style=\"display:none;\">Toggle<\/span><span class=\"ez-toc-icon-toggle-span\"><svg style=\"fill: #999;color:#999\" xmlns=\"http:\/\/www.w3.org\/2000\/svg\" class=\"list-377408\" width=\"20px\" height=\"20px\" viewBox=\"0 0 24 24\" fill=\"none\"><path d=\"M6 6H4v2h2V6zm14 0H8v2h12V6zM4 11h2v2H4v-2zm16 0H8v2h12v-2zM4 16h2v2H4v-2zm16 0H8v2h12v-2z\" fill=\"currentColor\"><\/path><\/svg><svg style=\"fill: #999;color:#999\" class=\"arrow-unsorted-368013\" xmlns=\"http:\/\/www.w3.org\/2000\/svg\" width=\"10px\" height=\"10px\" viewBox=\"0 0 24 24\" version=\"1.2\" baseProfile=\"tiny\"><path d=\"M18.2 9.3l-6.2-6.3-6.2 6.3c-.2.2-.3.4-.3.7s.1.5.3.7c.2.2.4.3.7.3h11c.3 0 .5-.1.7-.3.2-.2.3-.5.3-.7s-.1-.5-.3-.7zM5.8 14.7l6.2 6.3 6.2-6.3c.2-.2.3-.5.3-.7s-.1-.5-.3-.7c-.2-.2-.4-.3-.7-.3h-11c-.3 0-.5.1-.7.3-.2.2-.3.5-.3.7s.1.5.3.7z\"\/><\/svg><\/span><\/span><\/span><\/a><\/span><\/div>\n<nav><ul class='ez-toc-list ez-toc-list-level-1 eztoc-toggle-hide-by-default' ><li class='ez-toc-page-1 ez-toc-heading-level-3'><a class=\"ez-toc-link ez-toc-heading-1\" href=\"https:\/\/drperc.duckdns.org\/?page_id=14\/#Svetovni_rekord\" >Svetovni rekord<\/a><\/li><li class='ez-toc-page-1 ez-toc-heading-level-3'><a class=\"ez-toc-link ez-toc-heading-2\" href=\"https:\/\/drperc.duckdns.org\/?page_id=14\/#Svetovna_prvenstva\" >Svetovna prvenstva<\/a><ul class='ez-toc-list-level-4' ><li class='ez-toc-heading-level-4'><a class=\"ez-toc-link ez-toc-heading-3\" href=\"https:\/\/drperc.duckdns.org\/?page_id=14\/#Bolgarija_2014_fotografije\" >Bolgarija 2014 (fotografije)<\/a><\/li><li class='ez-toc-page-1 ez-toc-heading-level-4'><a class=\"ez-toc-link ez-toc-heading-4\" href=\"https:\/\/drperc.duckdns.org\/?page_id=14\/#Slovaska_2012_fotografije\" >Slova\u0161ka 2012 (fotografije)<\/a><\/li><li class='ez-toc-page-1 ez-toc-heading-level-4'><a class=\"ez-toc-link ez-toc-heading-5\" href=\"https:\/\/drperc.duckdns.org\/?page_id=14\/#_Srbija_2010_fotografije\" >\u00a0Srbija 2010 (fotografije)<\/a><\/li><li class='ez-toc-page-1 ez-toc-heading-level-4'><a class=\"ez-toc-link ez-toc-heading-6\" href=\"https:\/\/drperc.duckdns.org\/?page_id=14\/#Poljska_2004_fotografije\" >Poljska 2004 (fotografije)<\/a><\/li><li class='ez-toc-page-1 ez-toc-heading-level-4'><a class=\"ez-toc-link ez-toc-heading-7\" href=\"https:\/\/drperc.duckdns.org\/?page_id=14\/#Ceska_2002_fotografije\" >\u010ce\u0161ka 2002 (fotografije)\u00a0<\/a><\/li><li class='ez-toc-page-1 ez-toc-heading-level-4'><a class=\"ez-toc-link ez-toc-heading-8\" href=\"https:\/\/drperc.duckdns.org\/?page_id=14\/#Slovaska_2000_fotografije\" >Slova\u0161ka 2000 (fotografije)<\/a><\/li><li class='ez-toc-page-1 ez-toc-heading-level-4'><a class=\"ez-toc-link ez-toc-heading-9\" href=\"https:\/\/drperc.duckdns.org\/?page_id=14\/#Poljska_1994_fotografije\" >Poljska 1994 (fotografije)<\/a><\/li><li class='ez-toc-page-1 ez-toc-heading-level-4'><a class=\"ez-toc-link ez-toc-heading-10\" href=\"https:\/\/drperc.duckdns.org\/?page_id=14\/#ZDA_Florida_1992_fotografije\" >ZDA Florida 1992 (fotografije)<\/a><\/li><\/ul><\/li><li class='ez-toc-page-1 ez-toc-heading-level-3'><a class=\"ez-toc-link ez-toc-heading-11\" href=\"https:\/\/drperc.duckdns.org\/?page_id=14\/#Evropska_prvenstva\" >Evropska prvenstva<\/a><ul class='ez-toc-list-level-4' ><li class='ez-toc-heading-level-4'><a class=\"ez-toc-link ez-toc-heading-12\" href=\"https:\/\/drperc.duckdns.org\/?page_id=14\/#Srbija_2022_fotografije\" >Srbija 2022 (fotografije)<\/a><\/li><li class='ez-toc-page-1 ez-toc-heading-level-4'><a class=\"ez-toc-link ez-toc-heading-13\" href=\"https:\/\/drperc.duckdns.org\/?page_id=14\/#Romunija_2011_fotografije\" >Romunija 2011 (fotografije)<\/a><\/li><li class='ez-toc-page-1 ez-toc-heading-level-4'><a class=\"ez-toc-link ez-toc-heading-14\" href=\"https:\/\/drperc.duckdns.org\/?page_id=14\/#Romunija_2005_fotografije\" >Romunija 2005 (fotografije)<\/a><\/li><li class='ez-toc-page-1 ez-toc-heading-level-4'><a class=\"ez-toc-link ez-toc-heading-15\" href=\"https:\/\/drperc.duckdns.org\/?page_id=14\/#Srbija_in_Crna_Gora_2003_fotografije\" >Srbija in \u010crna Gora 2003 (fotografije)<\/a><\/li><li class='ez-toc-page-1 ez-toc-heading-level-4'><a class=\"ez-toc-link ez-toc-heading-16\" href=\"https:\/\/drperc.duckdns.org\/?page_id=14\/#Turcija_2001_fotografije\" >Tur\u010dija 2001 (fotografije)<\/a><\/li><li class='ez-toc-page-1 ez-toc-heading-level-4'><a class=\"ez-toc-link ez-toc-heading-17\" href=\"https:\/\/drperc.duckdns.org\/?page_id=14\/#Slovaska_1995\" >Slova\u0161ka 1995<\/a><\/li><\/ul><\/li><li class='ez-toc-page-1 ez-toc-heading-level-3'><a class=\"ez-toc-link ez-toc-heading-18\" href=\"https:\/\/drperc.duckdns.org\/?page_id=14\/#Svetovni_pokal_skupna_razvrstitev\" >Svetovni pokal skupna razvrstitev<\/a><\/li><li class='ez-toc-page-1 ez-toc-heading-level-3'><a class=\"ez-toc-link ez-toc-heading-19\" href=\"https:\/\/drperc.duckdns.org\/?page_id=14\/#Drzavna_prvenstva_posamezno\" >Dr\u017eavna prvenstva posamezno<\/a><ul class='ez-toc-list-level-4' ><li class='ez-toc-heading-level-4'><a class=\"ez-toc-link ez-toc-heading-20\" href=\"https:\/\/drperc.duckdns.org\/?page_id=14\/#1_mesto_DP\" >1. mesto DP<\/a><\/li><li class='ez-toc-page-1 ez-toc-heading-level-4'><a class=\"ez-toc-link ez-toc-heading-21\" href=\"https:\/\/drperc.duckdns.org\/?page_id=14\/#2_mesto_DP\" >2. mesto DP<\/a><\/li><li class='ez-toc-page-1 ez-toc-heading-level-4'><a class=\"ez-toc-link ez-toc-heading-22\" href=\"https:\/\/drperc.duckdns.org\/?page_id=14\/#3_mesto_DP\" >3. mesto DP<\/a><\/li><\/ul><\/li><li class='ez-toc-page-1 ez-toc-heading-level-3'><a class=\"ez-toc-link ez-toc-heading-23\" href=\"https:\/\/drperc.duckdns.org\/?page_id=14\/#Najvecje_mednarodno_tekmovanje_in_tekmovanje_z_najdaljso_tradicijo_na_svetu_%E2%80%93_Pokal_Ljubljane\" >Najve\u010dje mednarodno tekmovanje in tekmovanje z najdalj\u0161o tradicijo na svetu \u2013 Pokal Ljubljane<\/a><\/li><\/ul><\/nav><\/div>\n<h3><span class=\"ez-toc-section\" id=\"Svetovni_rekord\"><\/span><strong>Svetovni rekord<\/strong><span class=\"ez-toc-section-end\"><\/span><\/h3>\n<p>Na dr\u017eavnem prvenstvu 12. maja 2002 v \u0160entjerneju je Drago Perc dosegel nov svetovni rekord v kategoriji raket s padalom (S 3 B), ki zna\u0161a 1320 sekund (22 minut).<\/p>\n<h3><span class=\"ez-toc-section\" id=\"Svetovna_prvenstva\"><\/span><strong>Svetovna prvenstva<\/strong><span class=\"ez-toc-section-end\"><\/span><\/h3>\n<p>(8 medalj \u2013 2 x prvi posamezno, 3 x drugi (1 x posamezno, 2 x ekipno), 3 x tretje mesto (1 x posamezno, 2 x ekipno)<\/p>\n<h4><span class=\"ez-toc-section\" id=\"Bolgarija_2014_fotografije\"><\/span><a href=\"https:\/\/goo.gl\/photos\/b7GcNni3zgMs9MnHA\">Bolgarija 2014 (fotografije)<\/a><span class=\"ez-toc-section-end\"><\/span><\/h4>\n<figure>\n<table>\n<tbody>\n<tr>\n<td>3. mesto<\/td>\n<td>\u2013<\/td>\n<td>S 3 A (rakete s padalom)<\/td>\n<\/tr>\n<tr>\n<td>2. mesto<\/td>\n<td>\u2013<\/td>\n<td>S 3 A \u2013 ekipno (rakete s padalom)<\/td>\n<\/tr>\n<\/tbody>\n<\/table>\n<\/figure>\n<p>Rezultati Sama Perca<\/p>\n<figure>\n<table>\n<tbody>\n<tr>\n<td>1. mesto<\/td>\n<td>\u2013<\/td>\n<td>S 5 B \u2013 ekipno (makete raket za doseganje vi\u0161ine)<\/td>\n<\/tr>\n<\/tbody>\n<\/table>\n<\/figure>\n<h4><span class=\"ez-toc-section\" id=\"Slovaska_2012_fotografije\"><\/span><a href=\"https:\/\/photos.google.com\/share\/AF1QipOH5NMrBerXgSGnJ-4lWoS2-tVBZhGRPbsQARRXF3mLxIywFiK6ZikMmhi78LDW1w?key=LWhWcjBJb1dEX1pPYUw0Qy1HMVVQMFVfM1NoSG53\">Slova\u0161ka 2012 (fotografije)<\/a><span class=\"ez-toc-section-end\"><\/span><\/h4>\n<figure>\n<table>\n<tbody>\n<tr>\n<td>5. mesto<\/td>\n<td>\u2013<\/td>\n<td>S 3 A \u2013 ekipno (rakete s padalom)<\/td>\n<\/tr>\n<tr>\n<td>24. mesto<\/td>\n<td>\u2013<\/td>\n<td>S 3 A (rakete s padalom)<\/td>\n<\/tr>\n<\/tbody>\n<\/table>\n<\/figure>\n<p>Rezultati Sama Perca<\/p>\n<figure>\n<table>\n<tbody>\n<tr>\n<td>4. mesto<\/td>\n<td>\u2013<\/td>\n<td>S 6 A \u2013 ekipno (rakete s trakom)<\/td>\n<\/tr>\n<tr>\n<td>7. mesto<\/td>\n<td>\u2013<\/td>\n<td>S 1 B &#8211; ekipno (rakete za doseganje vi\u0161ine)<\/td>\n<\/tr>\n<tr>\n<td>14. mesto<\/td>\n<td>\u2013<\/td>\n<td>S 3 A \u2013 ekipno (rakete s padalom)<\/td>\n<\/tr>\n<tr>\n<td>15. mesto<\/td>\n<td>\u2013<\/td>\n<td>S 6 A (rakete s trakom)<\/td>\n<\/tr>\n<tr>\n<td>24. mesto<\/td>\n<td>\u2013<\/td>\n<td>S 1 B (rakete za doseganje vi\u0161ine)<\/td>\n<\/tr>\n<tr>\n<td>28. mesto<\/td>\n<td>\u2013<\/td>\n<td>S 3 A (rakete s padalom)<\/td>\n<\/tr>\n<\/tbody>\n<\/table>\n<\/figure>\n<h4><span class=\"ez-toc-section\" id=\"_Srbija_2010_fotografije\"><\/span><a href=\"https:\/\/goo.gl\/photos\/VLtLk8FLaU4p6JAV8\">\u00a0Srbija 2010 (fotografije)<\/a><span class=\"ez-toc-section-end\"><\/span><\/h4>\n<p>Tekmovanja sem se udele\u017eil kot trener slovenske reprezentance in spremljevalec oz. pomo\u010dnik sina Sama Perca<\/p>\n<p>Rezultati Sama Perca<\/p>\n<figure>\n<table>\n<tbody>\n<tr>\n<td>2. mesto<\/td>\n<td>\u2013<\/td>\n<td>S 6 A (rakete s trakom)<\/td>\n<\/tr>\n<tr>\n<td>2. mesto<\/td>\n<td>\u2013<\/td>\n<td>S 6 A \u2013 ekipno (rakete s trakom)<\/td>\n<\/tr>\n<tr>\n<td>7. mesto<\/td>\n<td>\u2013<\/td>\n<td>S 3 A \u2013 ekipno (rakete s padalom)<\/td>\n<\/tr>\n<tr>\n<td>17. mesto<\/td>\n<td>\u2013<\/td>\n<td>S 3 A (rakete s padalom)<\/td>\n<\/tr>\n<\/tbody>\n<\/table>\n<\/figure>\n<h4><span class=\"ez-toc-section\" id=\"Poljska_2004_fotografije\"><\/span><a href=\"https:\/\/goo.gl\/photos\/Eb8bxLSFvP5Ndwkh8\">Poljska 2004 (fotografije)<\/a><span class=\"ez-toc-section-end\"><\/span><\/h4>\n<figure>\n<table>\n<tbody>\n<tr>\n<td>7. mesto<\/td>\n<td>\u2013<\/td>\n<td>S 3 B \u2013 ekipno (rakete s padalom)<\/td>\n<\/tr>\n<tr>\n<td>21. mesto<\/td>\n<td>\u2013<\/td>\n<td>S 3 B (rakete s padalom)<\/td>\n<\/tr>\n<\/tbody>\n<\/table>\n<\/figure>\n<h4><span class=\"ez-toc-section\" id=\"Ceska_2002_fotografije\"><\/span><a href=\"https:\/\/goo.gl\/photos\/q6gN45GVZavqVKdM6\">\u010ce\u0161ka 2002 (fotografije)\u00a0<\/a><span class=\"ez-toc-section-end\"><\/span><\/h4>\n<figure>\n<table>\n<tbody>\n<tr>\n<td>3. mesto<\/td>\n<td>\u2013<\/td>\n<td>S 3 B \u2013 ekipno (rakete s padalom)<\/td>\n<\/tr>\n<\/tbody>\n<\/table>\n<\/figure>\n<h4><span class=\"ez-toc-section\" id=\"Slovaska_2000_fotografije\"><\/span><a href=\"https:\/\/goo.gl\/photos\/hXJ6TuWvzztejX5N9\">Slova\u0161ka 2000 (fotografije)<\/a><span class=\"ez-toc-section-end\"><\/span><\/h4>\n<figure>\n<table>\n<tbody>\n<tr>\n<td>1. mesto<\/td>\n<td>\u2013<\/td>\n<td>S 3 A (rakete s padalom)<\/td>\n<\/tr>\n<tr>\n<td>2. mesto<\/td>\n<td>\u2013<\/td>\n<td>S 3 A \u2013 ekipno (rakete s padalom)<\/td>\n<\/tr>\n<\/tbody>\n<\/table>\n<\/figure>\n<h4><span class=\"ez-toc-section\" id=\"Poljska_1994_fotografije\"><\/span><a href=\"https:\/\/goo.gl\/photos\/Eb8bxLSFvP5Ndwkh8\">Poljska 1994 (fotografije)<\/a><span class=\"ez-toc-section-end\"><\/span><\/h4>\n<figure>\n<table>\n<tbody>\n<tr>\n<td>2. mesto<\/td>\n<td>\u2013<\/td>\n<td>S 3 A (rakete s padalom)<\/td>\n<\/tr>\n<\/tbody>\n<\/table>\n<\/figure>\n<h4><span class=\"ez-toc-section\" id=\"ZDA_Florida_1992_fotografije\"><\/span><a href=\"https:\/\/goo.gl\/photos\/M6fJdjtDAzXtCkCo6\">ZDA Florida 1992 (fotografije)<\/a><span class=\"ez-toc-section-end\"><\/span><\/h4>\n<figure>\n<table>\n<tbody>\n<tr>\n<td>1. mesto<\/td>\n<td>\u2013<\/td>\n<td>S 3 A (rakete s padalom)<\/td>\n<\/tr>\n<tr>\n<td>3. mesto<\/td>\n<td>\u2013<\/td>\n<td>S 3 A \u2013 ekipno (rakete s padalom)<\/td>\n<\/tr>\n<\/tbody>\n<\/table>\n<\/figure>\n<h3><span class=\"ez-toc-section\" id=\"Evropska_prvenstva\"><\/span><strong>Evropska prvenstva<\/strong><span class=\"ez-toc-section-end\"><\/span><\/h3>\n<p>(4 medalje \u2013 1 x prvi ekipno, 2 x drugi (1 x posamezno, 1 x ekipno), 1 x tretje mesto posamezno)<\/p>\n<h4><span class=\"ez-toc-section\" id=\"Srbija_2022_fotografije\"><\/span><a href=\"https:\/\/photos.app.goo.gl\/T2sGwXa4Yn3xyTRc7\">Srbija 2022 (fotografije)<\/a><span class=\"ez-toc-section-end\"><\/span><\/h4>\n<figure>\n<table>\n<tbody>\n<tr>\n<td>1. mesto<\/td>\n<td>\u2013<\/td>\n<td>S 3 A &#8211; ekipno (rakete s padalom)<\/td>\n<\/tr>\n<tr>\n<td>34. mesto<\/td>\n<td>\u2013<\/td>\n<td>S 9 A<\/td>\n<\/tr>\n<\/tbody>\n<\/table>\n<\/figure>\n<h4><span class=\"ez-toc-section\" id=\"Romunija_2011_fotografije\"><\/span><a href=\"https:\/\/goo.gl\/photos\/F9Y3ZJbaGd647Rzv5\" target=\"_blank\" rel=\"noopener\">Romunija 2011 (fotografije)<\/a><span class=\"ez-toc-section-end\"><\/span><\/h4>\n<figure>\n<table>\n<tbody>\n<tr>\n<td>2. mesto<\/td>\n<td>\u2013<\/td>\n<td>S 3 A (rakete s padalom)<\/td>\n<\/tr>\n<tr>\n<td>5. mesto<\/td>\n<td>\u2013<\/td>\n<td>S 3 A &#8211; ekipno (rakete s padalom)<\/td>\n<\/tr>\n<tr>\n<td>7. mesto<\/td>\n<td>\u2013<\/td>\n<td>S 6 A &#8211; ekipno (rakete s trakom)<\/td>\n<\/tr>\n<tr>\n<td>12. mesto<\/td>\n<td>\u2013<\/td>\n<td>S 6 A (rakete s trakom)<\/td>\n<\/tr>\n<\/tbody>\n<\/table>\n<\/figure>\n<p>Rezultati Sama Perca<\/p>\n<figure>\n<table>\n<tbody>\n<tr>\n<td>4. mesto<\/td>\n<td>\u2013<\/td>\n<td>S 6 A (rakete s trakom)<\/td>\n<\/tr>\n<tr>\n<td>4. mesto<\/td>\n<td>\u2013<\/td>\n<td>S 6 A \u2013 ekipno (rakete s trakom)<\/td>\n<\/tr>\n<tr>\n<td>8. mesto<\/td>\n<td>\u2013<\/td>\n<td>S 3 A \u2013 ekipno (rakete s padalom)<\/td>\n<\/tr>\n<tr>\n<td>24. mesto<\/td>\n<td>\u2013<\/td>\n<td>S 3 A (rakete s padalom)<\/td>\n<\/tr>\n<\/tbody>\n<\/table>\n<\/figure>\n<h4><span class=\"ez-toc-section\" id=\"Romunija_2005_fotografije\"><\/span><a href=\"https:\/\/goo.gl\/photos\/thofubxPxiKQvi5T8\">Romunija 2005 (fotografije)<\/a><span class=\"ez-toc-section-end\"><\/span><\/h4>\n<figure>\n<table>\n<tbody>\n<tr>\n<td>9. mesto<\/td>\n<td>\u2013<\/td>\n<td>S 6 A (rakete s trakom)<\/td>\n<\/tr>\n<tr>\n<td>22. mesto<\/td>\n<td>\u2013<\/td>\n<td>S 3 A (rakete s padalom)<\/td>\n<\/tr>\n<\/tbody>\n<\/table>\n<\/figure>\n<h4><span class=\"ez-toc-section\" id=\"Srbija_in_Crna_Gora_2003_fotografije\"><\/span><a href=\"https:\/\/goo.gl\/photos\/RtiRzGWhgwEM8jus8\">Srbija in \u010crna Gora 2003 (fotografije)<\/a><span class=\"ez-toc-section-end\"><\/span><\/h4>\n<figure>\n<table>\n<tbody>\n<tr>\n<td>6. mesto<\/td>\n<td>\u2013<\/td>\n<td>S 3 A (rakete s padalom)<\/td>\n<\/tr>\n<tr>\n<td>8. mesto<\/td>\n<td>\u2013<\/td>\n<td>S 6 A (rakete s trakom)<\/td>\n<\/tr>\n<\/tbody>\n<\/table>\n<\/figure>\n<h4><span class=\"ez-toc-section\" id=\"Turcija_2001_fotografije\"><\/span><a href=\"https:\/\/goo.gl\/photos\/4xv8TWs2f1z2A6CeA\">Tur\u010dija 2001 (fotografije) <\/a><span class=\"ez-toc-section-end\"><\/span><\/h4>\n<figure>\n<table>\n<tbody>\n<tr>\n<td>3. mesto<\/td>\n<td>\u2013<\/td>\n<td>S 3 A (rakete s padalom)<\/td>\n<\/tr>\n<\/tbody>\n<\/table>\n<\/figure>\n<h4><span class=\"ez-toc-section\" id=\"Slovaska_1995\"><\/span>Slova\u0161ka 1995<span class=\"ez-toc-section-end\"><\/span><\/h4>\n<figure>\n<table>\n<tbody>\n<tr>\n<td>2. mesto<\/td>\n<td>\u2013<\/td>\n<td>S 6 A \u2013 ekipno (rakete s trakom)<\/td>\n<\/tr>\n<\/tbody>\n<\/table>\n<\/figure>\n<h3><span class=\"ez-toc-section\" id=\"Svetovni_pokal_skupna_razvrstitev\"><\/span><strong>Svetovni pokal skupna razvrstitev<\/strong><span class=\"ez-toc-section-end\"><\/span><\/h3>\n<p>1995<\/p>\n<figure>\n<table>\n<tbody>\n<tr>\n<td>3. mesto<\/td>\n<td>\u2013<\/td>\n<td>\u00a0S 6 A (rakete s trakom)<\/td>\n<\/tr>\n<\/tbody>\n<\/table>\n<\/figure>\n<h3><span class=\"ez-toc-section\" id=\"Drzavna_prvenstva_posamezno\"><\/span><strong>Dr\u017eavna prvenstva posamezno<\/strong><span class=\"ez-toc-section-end\"><\/span><\/h3>\n<h4><span class=\"ez-toc-section\" id=\"1_mesto_DP\"><\/span><strong>1. mesto DP<\/strong><span class=\"ez-toc-section-end\"><\/span><\/h4>\n<figure>\n<table style=\"height: 338px;\" width=\"118\">\n<tbody>\n<tr>\n<td>2024<\/td>\n<td>\u2013<\/td>\n<td>S 3 A<\/td>\n<\/tr>\n<tr>\n<td>2016<\/td>\n<td>\u2013<\/td>\n<td>S 3 A<\/td>\n<\/tr>\n<tr>\n<td>2014<\/td>\n<td>\u2013<\/td>\n<td>S 6 A<\/td>\n<\/tr>\n<tr>\n<td>2013<\/td>\n<td>\u2013<\/td>\n<td>S 3 A<\/td>\n<\/tr>\n<tr>\n<td>2012<\/td>\n<td>\u2013<\/td>\n<td>S 3 A<\/td>\n<\/tr>\n<tr>\n<td>2011<\/td>\n<td>\u2013<\/td>\n<td>S 3 A<\/td>\n<\/tr>\n<tr>\n<td>2005<\/td>\n<td>\u2013<\/td>\n<td>S 6 A<\/td>\n<\/tr>\n<tr>\n<td>2003<\/td>\n<td>\u2013<\/td>\n<td>S 3 B\/2<\/td>\n<\/tr>\n<tr>\n<td>2002<\/td>\n<td>\u2013<\/td>\n<td>S 3 B\/2<\/td>\n<\/tr>\n<tr>\n<td>1999<\/td>\n<td>\u2013<\/td>\n<td>S 4 B<\/td>\n<\/tr>\n<tr>\n<td>1998<\/td>\n<td>\u2013<\/td>\n<td>S 6 A\/2<\/td>\n<\/tr>\n<tr>\n<td>1993<\/td>\n<td>\u2013<\/td>\n<td>S 6 A<\/td>\n<\/tr>\n<\/tbody>\n<\/table>\n<\/figure>\n<h4><span class=\"ez-toc-section\" id=\"2_mesto_DP\"><\/span><strong>2. mesto DP<\/strong><span class=\"ez-toc-section-end\"><\/span><\/h4>\n<figure>\n<table>\n<tbody>\n<tr>\n<td>2015<\/td>\n<td>\u2013<\/td>\n<td>S 6 A<\/td>\n<\/tr>\n<tr>\n<td>2013<\/td>\n<td>\u2013<\/td>\n<td>S 6 A<\/td>\n<\/tr>\n<tr>\n<td>2011<\/td>\n<td>\u2013<\/td>\n<td>S 6 A<\/td>\n<\/tr>\n<tr>\n<td>2000<\/td>\n<td>\u2013<\/td>\n<td>S 3 A\/2<\/td>\n<\/tr>\n<tr>\n<td>1999<\/td>\n<td>\u2013<\/td>\n<td>S 6 A\/2<\/td>\n<\/tr>\n<tr>\n<td>1995<\/td>\n<td>\u2013<\/td>\n<td>S 4 A<\/td>\n<\/tr>\n<tr>\n<td>1995<\/td>\n<td>\u2013<\/td>\n<td>S 6 A\/2<\/td>\n<\/tr>\n<tr>\n<td>1994<\/td>\n<td>\u2013<\/td>\n<td>S 3 A<\/td>\n<\/tr>\n<tr>\n<td>1993<\/td>\n<td>\u2013<\/td>\n<td>S 3 A<\/td>\n<\/tr>\n<tr>\n<td>1993<\/td>\n<td>\u2013<\/td>\n<td>S 4 B<\/td>\n<\/tr>\n<tr>\n<td>1988<\/td>\n<td>\u2013<\/td>\n<td>S 1 B &#8211; Jugoslovansko dr\u017eavno prvenstvo<\/td>\n<\/tr>\n<\/tbody>\n<\/table>\n<\/figure>\n<h4><span class=\"ez-toc-section\" id=\"3_mesto_DP\"><\/span><strong>3. mesto DP<\/strong><span class=\"ez-toc-section-end\"><\/span><\/h4>\n<figure>\n<table>\n<tbody>\n<tr>\n<td>2022<\/td>\n<td>\u2013<\/td>\n<td>S 9 A<\/td>\n<\/tr>\n<tr>\n<td>2019<\/td>\n<td>\u2013<\/td>\n<td>S 9 A<\/td>\n<\/tr>\n<tr>\n<td>2016<\/td>\n<td>\u2013<\/td>\n<td>S 9 A<\/td>\n<\/tr>\n<tr>\n<td>2015<\/td>\n<td>\u2013<\/td>\n<td>S 3 A<\/td>\n<\/tr>\n<tr>\n<td>2013<\/td>\n<td>\u2013<\/td>\n<td>S 3 A<\/td>\n<\/tr>\n<tr>\n<td>2001<\/td>\n<td>\u2013<\/td>\n<td>S 3 B\/2<\/td>\n<\/tr>\n<tr>\n<td>1997<\/td>\n<td>\u2013<\/td>\n<td>S 3 A<\/td>\n<\/tr>\n<tr>\n<td>1995<\/td>\n<td>\u2013<\/td>\n<td>S 4 A<\/td>\n<\/tr>\n<tr>\n<td>1985<\/td>\n<td>\u2013<\/td>\n<td>S 6 A<\/td>\n<\/tr>\n<tr>\n<td>1985<\/td>\n<td>\u2013<\/td>\n<td>S 3 A<\/td>\n<\/tr>\n<\/tbody>\n<\/table>\n<\/figure>\n<h3><span class=\"ez-toc-section\" id=\"Najvecje_mednarodno_tekmovanje_in_tekmovanje_z_najdaljso_tradicijo_na_svetu_%E2%80%93_Pokal_Ljubljane\"><\/span><strong>Najve\u010dje mednarodno tekmovanje in tekmovanje z najdalj\u0161o tradicijo na svetu \u2013 Pokal Ljubljane<\/strong><span class=\"ez-toc-section-end\"><\/span><\/h3>\n<figure>\n<table>\n<tbody>\n<tr>\n<td>\u2013<\/td>\n<td>4 zlati Zmaj\u010dki<\/td>\n<\/tr>\n<tr>\n<td>\u2013<\/td>\n<td>4 srebrni Zmaj\u010dki<\/td>\n<\/tr>\n<tr>\n<td>\u2013<\/td>\n<td>5 bronastih Zmaj\u010dkov<\/td>\n<\/tr>\n<\/tbody>\n<\/table>\n<\/figure>\n","protected":false},"excerpt":{"rendered":"<p>Svetovni rekord Na dr\u017eavnem prvenstvu 12. maja 2002 v \u0160entjerneju je Drago Perc dosegel nov svetovni rekord v kategoriji raket s padalom<\/p>\n<p class=\"link-more\"><a class=\"myButt \" href=\"https:\/\/drperc.duckdns.org\/?page_id=14\">Read More<\/a><\/p>\n","protected":false},"author":1,"featured_media":0,"parent":0,"menu_order":0,"comment_status":"closed","ping_status":"closed","template":"","meta":{"saved_in_kubio":true,"_eb_attr":"","footnotes":""},"class_list":["post-14","page","type-page","status-publish","hentry"],"kubio_ai_page_context":{"short_desc":"","purpose":"general"},"jetpack-related-posts":[],"jetpack_likes_enabled":true,"jetpack_sharing_enabled":true,"_links":{"self":[{"href":"https:\/\/drperc.duckdns.org\/index.php?rest_route=\/wp\/v2\/pages\/14","targetHints":{"allow":["GET"]}}],"collection":[{"href":"https:\/\/drperc.duckdns.org\/index.php?rest_route=\/wp\/v2\/pages"}],"about":[{"href":"https:\/\/drperc.duckdns.org\/index.php?rest_route=\/wp\/v2\/types\/page"}],"author":[{"embeddable":true,"href":"https:\/\/drperc.duckdns.org\/index.php?rest_route=\/wp\/v2\/users\/1"}],"replies":[{"embeddable":true,"href":"https:\/\/drperc.duckdns.org\/index.php?rest_route=%2Fwp%2Fv2%2Fcomments&post=14"}],"version-history":[{"count":52,"href":"https:\/\/drperc.duckdns.org\/index.php?rest_route=\/wp\/v2\/pages\/14\/revisions"}],"predecessor-version":[{"id":717,"href":"https:\/\/drperc.duckdns.org\/index.php?rest_route=\/wp\/v2\/pages\/14\/revisions\/717"}],"wp:attachment":[{"href":"https:\/\/drperc.duckdns.org\/index.php?rest_route=%2Fwp%2Fv2%2Fmedia&parent=14"}],"curies":[{"name":"wp","href":"https:\/\/api.w.org\/{rel}","templated":true}]}}